{"id":1552,"date":"2025-09-16T14:04:27","date_gmt":"2025-09-16T07:04:27","guid":{"rendered":"https:\/\/sgiholding.com.vn\/?page_id=1552"},"modified":"2025-09-16T14:04:27","modified_gmt":"2025-09-16T07:04:27","slug":"tam-nhin-su-menh-gia-tri-cot-loi","status":"publish","type":"page","link":"https:\/\/sgiholding.com.vn\/?page_id=1552","title":{"rendered":"T\u1ea7m nh\u00ecn &#8211; s\u1ee9 m\u1ec7nh &#8211; Gi\u00e1 tr\u1ecb c\u1ed1t l\u00f5i"},"content":{"rendered":"<p>S\u1ee9 m\u1ec7nh:<br \/>\nSGI ki\u1ebfn t\u1ea1o m\u00f4i tr\u01b0\u1eddng ph\u00e1t tri\u1ec3n con ng\u01b0\u1eddi v\u1ec1 \u0111\u1ea1o \u0111\u1ee9c \u2013 tr\u00ed tu\u1ec7 \u2013 ngh\u1ecb l\u1ef1c.<br \/>\nCh\u00fang t\u00f4i \u0111\u01b0a s\u1ea3n ph\u1ea9m, d\u1ecbch v\u1ee5, tinh hoa Vi\u1ec7t ra th\u1ebf gi\u1edbi, \u0111\u00e1p \u1ee9ng nhu c\u1ea7u thi\u1ebft th\u1ef1c, t\u1ea1o vi\u1ec7c l\u00e0m, mang ngo\u1ea1i t\u1ec7 v\u1ec1 \u0111\u1ea5t n\u01b0\u1edbc v\u00e0 cam k\u1ebft \u0111\u1ed3ng h\u00e0nh trong c\u00e1c ho\u1ea1t \u0111\u1ed9ng thi\u1ec7n nguy\u1ec7n, x\u00e3 h\u1ed9i.<\/p>\n<p>T\u1ea7m nh\u00ecn (Vision)<br \/>\nSGI \u0111\u1ecbnh v\u1ecb tr\u1edf th\u00e0nh Holding \u0111a ng\u00e0nh, b\u1ec1n v\u1eefng v\u00e0 li\u00ean t\u1ee5c m\u1edf r\u1ed9ng, ph\u00e1t tri\u1ec3n m\u1ea1nh m\u1ebd trong th\u01b0\u01a1ng m\u1ea1i, d\u1ecbch v\u1ee5 v\u00e0 c\u00e1c l\u0129nh v\u1ef1c ti\u1ec1m n\u0103ng.<br \/>\n2030: x\u00e2y d\u1ef1ng n\u1ec1n m\u00f3ng v\u1eefng ch\u1eafc, \u0111\u1ea1t doanh thu 500 t\u1ef7 \u0111\u1ed3ng\/n\u0103m.<br \/>\n2045: v\u01b0\u01a1n t\u1ea7m qu\u1ed1c t\u1ebf, \u0111\u1ea1t doanh thu 10.000 t\u1ef7 \u0111\u1ed3ng\/n\u0103m, s\u1edf h\u1eefu tr\u00ean 20 c\u00f4ng ty th\u00e0nh vi\u00ean v\u00e0 nhi\u1ec1u th\u01b0\u01a1ng hi\u1ec7u m\u1ea1nh.<br \/>\n2055: m\u1edf r\u1ed9ng tr\u00ean 40 c\u00f4ng ty th\u00e0nh vi\u00ean v\u00e0 ki\u1ebfn t\u1ea1o m\u1ed9t th\u01b0\u01a1ng hi\u1ec7u Top 1 th\u1ebf gi\u1edbi.<br \/>\nSGI mang kh\u00e1t v\u1ecdng tr\u01b0\u1eddng t\u1ed3n qua nhi\u1ec1u th\u1ebf h\u1ec7, ki\u1ebfn t\u1ea1o gi\u00e1 tr\u1ecb b\u1ec1n v\u1eefng cho Vi\u1ec7t Nam v\u00e0 th\u1ebf gi\u1edbi.<\/p>\n<p>Gi\u00e1 tr\u1ecb c\u1ed1t l\u00f5i<br \/>\nCon ng\u01b0\u1eddi:<br \/>\nTrung th\u1ef1c<br \/>\n\u0110am m\u00ea<br \/>\nH\u00e0o s\u1ea3ng<br \/>\nCh\u00e2n th\u00e0nh<br \/>\nTr\u00ed tu\u1ec7:<br \/>\nTi\u1ebfp thu tri th\u1ee9c m\u1edbi nh\u1ea5t.<br \/>\n\u1ee8ng d\u1ee5ng c\u00f4ng ngh\u1ec7 m\u1edbi nh\u1ea5t<br \/>\nH\u1ecdc t\u1eeb nh\u1eefng ng\u01b0\u1eddi gi\u1ecfi nh\u1ea5t.<br \/>\nLi\u00ean t\u1ee5c \u0111\u1ed5i m\u1edbi v\u00e0 ph\u00e1t tri\u1ec3n.<br \/>\n\u00dd ch\u00ed:<br \/>\nL\u00e0m t\u1edbi<br \/>\nD\u00e1m th\u1eed, d\u00e1m sai, d\u00e1m s\u1eeda,<br \/>\nKi\u00ean \u0111\u1ecbnh<br \/>\nB\u1ec1n b\u1ec9<\/p>\n","protected":false},"excerpt":{"rendered":"<p>S\u1ee9 m\u1ec7nh: SGI ki\u1ebfn t\u1ea1o m\u00f4i tr\u01b0\u1eddng ph\u00e1t tri\u1ec3n con ng\u01b0\u1eddi v\u1ec1 \u0111\u1ea1o \u0111\u1ee9c \u2013 tr\u00ed tu\u1ec7 \u2013 ngh\u1ecb l\u1ef1c. Ch\u00fang t\u00f4i \u0111\u01b0a s\u1ea3n ph\u1ea9m, d\u1ecbch v\u1ee5, tinh hoa Vi\u1ec7t ra th\u1ebf gi\u1edbi, \u0111\u00e1p \u1ee9ng nhu c\u1ea7u thi\u1ebft th\u1ef1c, t\u1ea1o vi\u1ec7c l\u00e0m, mang ngo\u1ea1i t\u1ec7 v\u1ec1 \u0111\u1ea5t n\u01b0\u1edbc v\u00e0 cam k\u1ebft \u0111\u1ed3ng h\u00e0nh trong c\u00e1c&#8230;<\/p>\n","protected":false},"author":1,"featured_media":0,"parent":1542,"menu_order":0,"comment_status":"closed","ping_status":"closed","template":"","meta":{"footnotes":""},"class_list":["post-1552","page","type-page","status-publish","hentry"],"yoast_head":"<!-- This site is optimized with the Yoast SEO plugin v25.2 - https:\/\/yoast.com\/wordpress\/plugins\/seo\/ -->\n<title>T\u1ea7m nh\u00ecn - s\u1ee9 m\u1ec7nh - Gi\u00e1 tr\u1ecb c\u1ed1t l\u00f5i - C\u00f4ng ty SG INVESTMENT Global Startup<\/title>\n<meta name=\"robots\" content=\"index, follow, max-snippet:-1, max-image-preview:large, max-video-preview:-1\" \/>\n<link rel=\"canonical\" href=\"https:\/\/sgiholding.com.vn\/?page_id=1552\" \/>\n<meta property=\"og:locale\" content=\"vi_VN\" \/>\n<meta property=\"og:type\" content=\"article\" \/>\n<meta property=\"og:title\" content=\"T\u1ea7m nh\u00ecn - s\u1ee9 m\u1ec7nh - Gi\u00e1 tr\u1ecb c\u1ed1t l\u00f5i - C\u00f4ng ty SG INVESTMENT Global Startup\" \/>\n<meta property=\"og:description\" content=\"S\u1ee9 m\u1ec7nh: SGI ki\u1ebfn t\u1ea1o m\u00f4i tr\u01b0\u1eddng ph\u00e1t tri\u1ec3n con ng\u01b0\u1eddi v\u1ec1 \u0111\u1ea1o \u0111\u1ee9c \u2013 tr\u00ed tu\u1ec7 \u2013 ngh\u1ecb l\u1ef1c. Ch\u00fang t\u00f4i \u0111\u01b0a s\u1ea3n ph\u1ea9m, d\u1ecbch v\u1ee5, tinh hoa Vi\u1ec7t ra th\u1ebf gi\u1edbi, \u0111\u00e1p \u1ee9ng nhu c\u1ea7u thi\u1ebft th\u1ef1c, t\u1ea1o vi\u1ec7c l\u00e0m, mang ngo\u1ea1i t\u1ec7 v\u1ec1 \u0111\u1ea5t n\u01b0\u1edbc v\u00e0 cam k\u1ebft \u0111\u1ed3ng h\u00e0nh trong c\u00e1c...\" \/>\n<meta property=\"og:url\" content=\"https:\/\/sgiholding.com.vn\/?page_id=1552\" \/>\n<meta property=\"og:site_name\" content=\"C\u00f4ng ty SG INVESTMENT Global Startup\" \/>\n<meta name=\"twitter:card\" content=\"summary_large_image\" \/>\n<meta name=\"twitter:label1\" content=\"\u01af\u1edbc t\u00ednh th\u1eddi gian \u0111\u1ecdc\" \/>\n\t<meta name=\"twitter:data1\" content=\"2 ph\u00fat\" \/>\n<script type=\"application\/ld+json\" class=\"yoast-schema-graph\">{\"@context\":\"https:\/\/schema.org\",\"@graph\":[{\"@type\":\"WebPage\",\"@id\":\"https:\/\/sgiholding.com.vn\/?page_id=1552\",\"url\":\"https:\/\/sgiholding.com.vn\/?page_id=1552\",\"name\":\"T\u1ea7m nh\u00ecn - s\u1ee9 m\u1ec7nh - Gi\u00e1 tr\u1ecb c\u1ed1t l\u00f5i - C\u00f4ng ty SG INVESTMENT Global Startup\",\"isPartOf\":{\"@id\":\"https:\/\/sgiholding.com.vn\/#website\"},\"datePublished\":\"2025-09-16T07:04:27+00:00\",\"breadcrumb\":{\"@id\":\"https:\/\/sgiholding.com.vn\/?page_id=1552#breadcrumb\"},\"inLanguage\":\"vi\",\"potentialAction\":[{\"@type\":\"ReadAction\",\"target\":[\"https:\/\/sgiholding.com.vn\/?page_id=1552\"]}]},{\"@type\":\"BreadcrumbList\",\"@id\":\"https:\/\/sgiholding.com.vn\/?page_id=1552#breadcrumb\",\"itemListElement\":[{\"@type\":\"ListItem\",\"position\":1,\"name\":\"Trang ch\u1ee7\",\"item\":\"https:\/\/sgiholding.com.vn\/\"},{\"@type\":\"ListItem\",\"position\":2,\"name\":\"V\u1ec1 ch\u00fang t\u00f4i\",\"item\":\"https:\/\/sgiholding.com.vn\/?page_id=1542\"},{\"@type\":\"ListItem\",\"position\":3,\"name\":\"T\u1ea7m nh\u00ecn &#8211; s\u1ee9 m\u1ec7nh &#8211; Gi\u00e1 tr\u1ecb c\u1ed1t l\u00f5i\"}]},{\"@type\":\"WebSite\",\"@id\":\"https:\/\/sgiholding.com.vn\/#website\",\"url\":\"https:\/\/sgiholding.com.vn\/\",\"name\":\"C\u00f4ng ty SG INVESTMENT Global Startup\",\"description\":\"\",\"potentialAction\":[{\"@type\":\"SearchAction\",\"target\":{\"@type\":\"EntryPoint\",\"urlTemplate\":\"https:\/\/sgiholding.com.vn\/?s={search_term_string}\"},\"query-input\":{\"@type\":\"PropertyValueSpecification\",\"valueRequired\":true,\"valueName\":\"search_term_string\"}}],\"inLanguage\":\"vi\"}]}<\/script>\n<!-- \/ Yoast SEO plugin. -->","yoast_head_json":{"title":"T\u1ea7m nh\u00ecn - s\u1ee9 m\u1ec7nh - Gi\u00e1 tr\u1ecb c\u1ed1t l\u00f5i - C\u00f4ng ty SG INVESTMENT Global Startup","robots":{"index":"index","follow":"follow","max-snippet":"max-snippet:-1","max-image-preview":"max-image-preview:large","max-video-preview":"max-video-preview:-1"},"canonical":"https:\/\/sgiholding.com.vn\/?page_id=1552","og_locale":"vi_VN","og_type":"article","og_title":"T\u1ea7m nh\u00ecn - s\u1ee9 m\u1ec7nh - Gi\u00e1 tr\u1ecb c\u1ed1t l\u00f5i - C\u00f4ng ty SG INVESTMENT Global Startup","og_description":"S\u1ee9 m\u1ec7nh: SGI ki\u1ebfn t\u1ea1o m\u00f4i tr\u01b0\u1eddng ph\u00e1t tri\u1ec3n con ng\u01b0\u1eddi v\u1ec1 \u0111\u1ea1o \u0111\u1ee9c \u2013 tr\u00ed tu\u1ec7 \u2013 ngh\u1ecb l\u1ef1c. Ch\u00fang t\u00f4i \u0111\u01b0a s\u1ea3n ph\u1ea9m, d\u1ecbch v\u1ee5, tinh hoa Vi\u1ec7t ra th\u1ebf gi\u1edbi, \u0111\u00e1p \u1ee9ng nhu c\u1ea7u thi\u1ebft th\u1ef1c, t\u1ea1o vi\u1ec7c l\u00e0m, mang ngo\u1ea1i t\u1ec7 v\u1ec1 \u0111\u1ea5t n\u01b0\u1edbc v\u00e0 cam k\u1ebft \u0111\u1ed3ng h\u00e0nh trong c\u00e1c...","og_url":"https:\/\/sgiholding.com.vn\/?page_id=1552","og_site_name":"C\u00f4ng ty SG INVESTMENT Global Startup","twitter_card":"summary_large_image","twitter_misc":{"\u01af\u1edbc t\u00ednh th\u1eddi gian \u0111\u1ecdc":"2 ph\u00fat"},"schema":{"@context":"https:\/\/schema.org","@graph":[{"@type":"WebPage","@id":"https:\/\/sgiholding.com.vn\/?page_id=1552","url":"https:\/\/sgiholding.com.vn\/?page_id=1552","name":"T\u1ea7m nh\u00ecn - s\u1ee9 m\u1ec7nh - Gi\u00e1 tr\u1ecb c\u1ed1t l\u00f5i - C\u00f4ng ty SG INVESTMENT Global Startup","isPartOf":{"@id":"https:\/\/sgiholding.com.vn\/#website"},"datePublished":"2025-09-16T07:04:27+00:00","breadcrumb":{"@id":"https:\/\/sgiholding.com.vn\/?page_id=1552#breadcrumb"},"inLanguage":"vi","potentialAction":[{"@type":"ReadAction","target":["https:\/\/sgiholding.com.vn\/?page_id=1552"]}]},{"@type":"BreadcrumbList","@id":"https:\/\/sgiholding.com.vn\/?page_id=1552#breadcrumb","itemListElement":[{"@type":"ListItem","position":1,"name":"Trang ch\u1ee7","item":"https:\/\/sgiholding.com.vn\/"},{"@type":"ListItem","position":2,"name":"V\u1ec1 ch\u00fang t\u00f4i","item":"https:\/\/sgiholding.com.vn\/?page_id=1542"},{"@type":"ListItem","position":3,"name":"T\u1ea7m nh\u00ecn &#8211; s\u1ee9 m\u1ec7nh &#8211; Gi\u00e1 tr\u1ecb c\u1ed1t l\u00f5i"}]},{"@type":"WebSite","@id":"https:\/\/sgiholding.com.vn\/#website","url":"https:\/\/sgiholding.com.vn\/","name":"C\u00f4ng ty SG INVESTMENT Global Startup","description":"","potentialAction":[{"@type":"SearchAction","target":{"@type":"EntryPoint","urlTemplate":"https:\/\/sgiholding.com.vn\/?s={search_term_string}"},"query-input":{"@type":"PropertyValueSpecification","valueRequired":true,"valueName":"search_term_string"}}],"inLanguage":"vi"}]}},"_links":{"self":[{"href":"https:\/\/sgiholding.com.vn\/index.php?rest_route=\/wp\/v2\/pages\/1552","targetHints":{"allow":["GET"]}}],"collection":[{"href":"https:\/\/sgiholding.com.vn\/index.php?rest_route=\/wp\/v2\/pages"}],"about":[{"href":"https:\/\/sgiholding.com.vn\/index.php?rest_route=\/wp\/v2\/types\/page"}],"author":[{"embeddable":true,"href":"https:\/\/sgiholding.com.vn\/index.php?rest_route=\/wp\/v2\/users\/1"}],"replies":[{"embeddable":true,"href":"https:\/\/sgiholding.com.vn\/index.php?rest_route=%2Fwp%2Fv2%2Fcomments&post=1552"}],"version-history":[{"count":1,"href":"https:\/\/sgiholding.com.vn\/index.php?rest_route=\/wp\/v2\/pages\/1552\/revisions"}],"predecessor-version":[{"id":1553,"href":"https:\/\/sgiholding.com.vn\/index.php?rest_route=\/wp\/v2\/pages\/1552\/revisions\/1553"}],"up":[{"embeddable":true,"href":"https:\/\/sgiholding.com.vn\/index.php?rest_route=\/wp\/v2\/pages\/1542"}],"wp:attachment":[{"href":"https:\/\/sgiholding.com.vn\/index.php?rest_route=%2Fwp%2Fv2%2Fmedia&parent=1552"}],"curies":[{"name":"wp","href":"https:\/\/api.w.org\/{rel}","templated":true}]}}