{"id":1557,"date":"2025-09-16T14:18:02","date_gmt":"2025-09-16T07:18:02","guid":{"rendered":"https:\/\/sgiholding.com.vn\/?page_id=1557"},"modified":"2025-09-16T14:48:07","modified_gmt":"2025-09-16T07:48:07","slug":"gioi-thieu-cong-ty","status":"publish","type":"page","link":"https:\/\/sgiholding.com.vn\/?page_id=1557","title":{"rendered":"Gi\u1edbi thi\u1ec7u c\u00f4ng ty"},"content":{"rendered":"<p><strong>SG Investment Holding<\/strong> l\u00e0 doanh nghi\u1ec7p th\u01b0\u01a1ng m\u1ea1i \u0111i\u1ec7n t\u1eed c\u00f3 t\u1ed1c \u0111\u1ed9 ph\u00e1t tri\u1ec3n nhanh, h\u01b0\u1edbng t\u1edbi x\u00e2y d\u1ef1ng m\u1ed9t h\u1ec7 sinh th\u00e1i s\u1ea3n ph\u1ea9m ch\u1ea5t l\u01b0\u1ee3ng cao \u2013 v\u1eadn h\u00e0nh hi\u1ec7u qu\u1ea3 \u2013 ph\u00e1t tri\u1ec3n b\u1ec1n v\u1eefng t\u1ea1i \u0110\u00f4ng Nam \u00c1.<\/p>\n<p><strong>\ud83c\udfaf<\/strong><strong> T\u1eeb n\u1ec1n t\u1ea3ng v\u1eadn h\u00e0nh \u0111\u1ebfn m\u1ed9t t\u1ed5 ch\u1ee9c \u0111\u1ed9c l\u1eadp<\/strong><\/p>\n<p>Tr\u01b0\u1edbc khi ch\u00ednh th\u1ee9c th\u00e0nh l\u1eadp v\u00e0o n\u0103m 2023, \u0111\u1ed9i ng\u0169 s\u00e1ng l\u1eadp SG \u0111\u00e3 c\u00f3 nhi\u1ec1u n\u0103m kinh nghi\u1ec7m v\u1eadn h\u00e0nh c\u00e1c ho\u1ea1t \u0111\u1ed9ng TM\u0110T trong m\u00f4i tr\u01b0\u1eddng chuy\u00ean nghi\u1ec7p. Ch\u00fang t\u00f4i b\u1eaft \u0111\u1ea7u t\u1eeb vi\u1ec7c b\u00e1n c\u00e1c s\u1ea3n ph\u1ea9m b\u1eaft trend \u2013 v\u00f2ng \u0111\u1eddi ng\u1eafn \u2013 y\u00eau c\u1ea7u t\u1ed1c \u0111\u1ed9 tri\u1ec3n khai cao. Qua th\u1ef1c t\u1ebf \u0111\u00f3, SG \u0111\u00e3 t\u00edch l\u0169y cho m\u00ecnh <strong>n\u0103ng l\u1ef1c v\u1eadn h\u00e0nh tinh g\u1ecdn<\/strong>, <strong>t\u01b0 duy th\u1ecb tr\u01b0\u1eddng linh ho\u1ea1t<\/strong>, c\u00f9ng <strong>kh\u1ea3 n\u0103ng chinh ph\u1ee5c kh\u00e1ch h\u00e0ng nhanh ch\u00f3ng t\u1ea1i th\u1ecb tr\u01b0\u1eddng \u0110\u00f4ng Nam \u00c1<\/strong>, \u0111\u1eb7c bi\u1ec7t l\u00e0 <strong>Philippines<\/strong>.<\/p>\n<p><strong>\ud83d\udca1<\/strong><strong> T\u01b0 duy th\u01b0\u01a1ng hi\u1ec7u \u2013 T\u1ea7m nh\u00ecn d\u00e0i h\u1ea1n<\/strong><\/p>\n<p>Ng\u00e0y nay, khi h\u00e0nh vi ti\u00eau d\u00f9ng \u0111ang thay \u0111\u1ed5i nhanh ch\u00f3ng, SG x\u00e1c \u0111\u1ecbnh r\u00f5 \u0111\u1ecbnh h\u01b0\u1edbng ph\u00e1t tri\u1ec3n:<\/p>\n<p>\u2705 Kh\u00f4ng ch\u1ec9 b\u00e1n s\u1ea3n ph\u1ea9m, m\u00e0 x\u00e2y d\u1ef1ng th\u01b0\u01a1ng hi\u1ec7u.<br \/>\n\u2705 Kh\u00f4ng ch\u1ec9 t\u0103ng tr\u01b0\u1edfng nhanh, m\u00e0 ph\u00e1t tri\u1ec3n b\u1ec1n v\u1eefng.<br \/>\n\u2705 Kh\u00f4ng ch\u1ec9 t\u00ecm ki\u1ebfm l\u1ee3i nhu\u1eadn, m\u00e0 t\u1ea1o ra gi\u00e1 tr\u1ecb t\u00edch c\u1ef1c cho ng\u01b0\u1eddi ti\u00eau d\u00f9ng v\u00e0 x\u00e3 h\u1ed9i.<\/p>\n<p>Ch\u00fang t\u00f4i t\u1eadp trung \u0111\u1ea7u t\u01b0 v\u00e0o c\u00e1c ng\u00e0nh h\u00e0ng thi\u1ebft y\u1ebfu \u2013 c\u00f3 kh\u1ea3 n\u0103ng ph\u00e1t tri\u1ec3n th\u01b0\u01a1ng hi\u1ec7u l\u00e2u d\u00e0i, nh\u01b0 <strong>\u0111\u1ed3 cho th\u00fa c\u01b0ng, gia d\u1ee5ng, ch\u0103m s\u00f3c c\u00e1 nh\u00e2n, th\u1eddi trang v\u00e0 h\u00e0ng ti\u00eau d\u00f9ng th\u00f4ng minh<\/strong>. M\u1ed7i s\u1ea3n ph\u1ea9m \u0111\u1ec1u \u0111\u01b0\u1ee3c nghi\u00ean c\u1ee9u k\u1ef9 l\u01b0\u1ee1ng v\u1ec1 tr\u1ea3i nghi\u1ec7m ng\u01b0\u1eddi d\u00f9ng, thi\u1ebft k\u1ebf, bao b\u00ec v\u00e0 quy\u1ec1n s\u1edf h\u1eefu tr\u00ed tu\u1ec7.<\/p>\n<p><strong>\ud83c\udf0f<\/strong><strong> H\u1ec7 sinh th\u00e1i TM\u0110T li\u00ean qu\u1ed1c gia<\/strong><\/p>\n<p>V\u1edbi tr\u1ee5 s\u1edf t\u1ea1i <strong>H\u00e0 N\u1ed9i, Vi\u1ec7t Nam<\/strong> v\u00e0 trung t\u00e2m v\u1eadn h\u00e0nh t\u1ea1i <strong>Quezon City, Philippines<\/strong>, SG \u0111ang v\u1eadn h\u00e0nh m\u1ed9t m\u00f4 h\u00ecnh TM\u0110T k\u1ebft h\u1ee3p gi\u1eefa chi\u1ebfn l\u01b0\u1ee3c n\u1ed9i dung, ph\u00e2n ph\u1ed1i s\u1ea3n ph\u1ea9m, qu\u1ea3ng c\u00e1o s\u1ed1 v\u00e0 ch\u0103m s\u00f3c kh\u00e1ch h\u00e0ng \u2013 t\u1ea5t c\u1ea3 \u0111\u1ec1u g\u1eafn k\u1ebft ch\u1eb7t ch\u1ebd trong m\u1ed9t chu\u1ed7i gi\u00e1 tr\u1ecb th\u1ed1ng nh\u1ea5t.<\/p>\n<p>Hi\u1ec7n t\u1ea1i, \u0111\u1ed9i ng\u0169 c\u1ee7a ch\u00fang t\u00f4i bao g\u1ed3m h\u01a1n <strong>100 nh\u00e2n s\u1ef1 \u0111a l\u0129nh v\u1ef1c<\/strong>, l\u00e0m vi\u1ec7c trong c\u00e1c b\u1ed9 ph\u1eadn:<\/p>\n<ul>\n<li>T\u1ea1i Vi\u1ec7t Nam: Ban Gi\u00e1m \u0111\u1ed1c, Nh\u00e2n s\u1ef1 \u2013 K\u1ebf to\u00e1n, IT, TM\u0110T, Tr\u1ee3 l\u00fd, Digital Marketing.<\/li>\n<li>T\u1ea1i Philippines: Kho v\u1eadn, Digital Marketing, Sale, CSKH.<\/li>\n<\/ul>\n<p>Ch\u00fang t\u00f4i kh\u00f4ng ng\u1eebng ho\u00e0n thi\u1ec7n m\u00f4 h\u00ecnh ho\u1ea1t \u0111\u1ed9ng \u0111\u1ec3 ti\u1ebfn t\u1edbi <strong>t\u1ef1 \u0111\u1ed9ng h\u00f3a, \u0111o l\u01b0\u1eddng hi\u1ec7u qu\u1ea3 theo th\u1eddi gian th\u1ef1c<\/strong>, \u0111\u1ed3ng th\u1eddi ph\u00e1t tri\u1ec3n v\u0103n h\u00f3a l\u00e0m vi\u1ec7c \u0111\u1ec1 cao <strong>s\u1ef1 ch\u1ee7 \u0111\u1ed9ng \u2013 h\u1ee3p t\u00e1c \u2013 vui v\u1ebb \u2013 v\u00e0 c\u00f9ng ph\u00e1t tri\u1ec3n<\/strong>.<\/p>\n<p><strong>\ud83d\ude80<\/strong><strong> S\u1ee9 m\u1ec7nh c\u1ee7a ch\u00fang t\u00f4i<\/strong><\/p>\n<p>SG mong mu\u1ed1n t\u1ea1o ra m\u1ed9t m\u00f4i tr\u01b0\u1eddng n\u01a1i nh\u1eefng ng\u01b0\u1eddi tr\u1ebb t\u00e0i n\u0103ng c\u00f3 th\u1ec3 ph\u00e1t tri\u1ec3n s\u1ef1 nghi\u1ec7p m\u1ed9t c\u00e1ch \u00fd ngh\u0129a, n\u01a1i kh\u00e1ch h\u00e0ng \u0111\u01b0\u1ee3c ti\u1ebfp c\u1eadn nh\u1eefng s\u1ea3n ph\u1ea9m h\u1eefu \u00edch, v\u00e0 n\u01a1i gi\u00e1 tr\u1ecb kinh doanh \u0111i \u0111\u00f4i v\u1edbi gi\u00e1 tr\u1ecb nh\u00e2n v\u0103n.<\/p>\n<p>\ud83d\udccc <strong>Th\u00f4ng tin li\u00ean h\u1ec7:<\/strong><\/p>\n<ul>\n<li><strong>Tr\u1ee5 s\u1edf t\u1ea1i Vi\u1ec7t Nam:<\/strong> S\u1ed1 39 Tr\u1ea7n \u0110\u0103ng Ninh, D\u1ecbch V\u1ecdng, C\u1ea7u Gi\u1ea5y, H\u00e0 N\u1ed9i<\/li>\n<li><strong>Kho h\u00e0ng &amp; v\u0103n ph\u00f2ng t\u1ea1i Philippines:<\/strong> #26A BlueBird St., Greenview Executive Village, Sauyo, Quezon City, Metro Manila, Philippines<\/li>\n<li><strong>Slogan:<\/strong> <em>Hi\u1ec7u qu\u1ea3 \u2013 Vui \u2013 \u00dd ngh\u0129a<\/em><\/li>\n<\/ul>\n","protected":false},"excerpt":{"rendered":"<p>SG Investment Holding l\u00e0 doanh nghi\u1ec7p th\u01b0\u01a1ng m\u1ea1i \u0111i\u1ec7n t\u1eed c\u00f3 t\u1ed1c \u0111\u1ed9 ph\u00e1t tri\u1ec3n nhanh, h\u01b0\u1edbng t\u1edbi x\u00e2y d\u1ef1ng m\u1ed9t h\u1ec7 sinh th\u00e1i s\u1ea3n ph\u1ea9m ch\u1ea5t l\u01b0\u1ee3ng cao \u2013 v\u1eadn h\u00e0nh hi\u1ec7u qu\u1ea3 \u2013 ph\u00e1t tri\u1ec3n b\u1ec1n v\u1eefng t\u1ea1i \u0110\u00f4ng Nam \u00c1. \ud83c\udfaf T\u1eeb n\u1ec1n t\u1ea3ng v\u1eadn h\u00e0nh \u0111\u1ebfn m\u1ed9t t\u1ed5 ch\u1ee9c \u0111\u1ed9c l\u1eadp&#8230;<\/p>\n","protected":false},"author":1,"featured_media":0,"parent":1542,"menu_order":0,"comment_status":"closed","ping_status":"closed","template":"","meta":{"footnotes":""},"class_list":["post-1557","page","type-page","status-publish","hentry"],"yoast_head":"<!-- This site is optimized with the Yoast SEO plugin v25.2 - https:\/\/yoast.com\/wordpress\/plugins\/seo\/ -->\n<title>Gi\u1edbi thi\u1ec7u c\u00f4ng ty - C\u00f4ng ty SG INVESTMENT Global Startup<\/title>\n<meta name=\"robots\" content=\"index, follow, max-snippet:-1, max-image-preview:large, max-video-preview:-1\" \/>\n<link rel=\"canonical\" href=\"https:\/\/sgiholding.com.vn\/?page_id=1557\" \/>\n<meta property=\"og:locale\" content=\"vi_VN\" \/>\n<meta property=\"og:type\" content=\"article\" \/>\n<meta property=\"og:title\" content=\"Gi\u1edbi thi\u1ec7u c\u00f4ng ty - C\u00f4ng ty SG INVESTMENT Global Startup\" \/>\n<meta property=\"og:description\" content=\"SG Investment Holding l\u00e0 doanh nghi\u1ec7p th\u01b0\u01a1ng m\u1ea1i \u0111i\u1ec7n t\u1eed c\u00f3 t\u1ed1c \u0111\u1ed9 ph\u00e1t tri\u1ec3n nhanh, h\u01b0\u1edbng t\u1edbi x\u00e2y d\u1ef1ng m\u1ed9t h\u1ec7 sinh th\u00e1i s\u1ea3n ph\u1ea9m ch\u1ea5t l\u01b0\u1ee3ng cao \u2013 v\u1eadn h\u00e0nh hi\u1ec7u qu\u1ea3 \u2013 ph\u00e1t tri\u1ec3n b\u1ec1n v\u1eefng t\u1ea1i \u0110\u00f4ng Nam \u00c1. \ud83c\udfaf T\u1eeb n\u1ec1n t\u1ea3ng v\u1eadn h\u00e0nh \u0111\u1ebfn m\u1ed9t t\u1ed5 ch\u1ee9c \u0111\u1ed9c l\u1eadp...\" \/>\n<meta property=\"og:url\" content=\"https:\/\/sgiholding.com.vn\/?page_id=1557\" \/>\n<meta property=\"og:site_name\" content=\"C\u00f4ng ty SG INVESTMENT Global Startup\" \/>\n<meta property=\"article:modified_time\" content=\"2025-09-16T07:48:07+00:00\" \/>\n<meta name=\"twitter:card\" content=\"summary_large_image\" \/>\n<meta name=\"twitter:label1\" content=\"\u01af\u1edbc t\u00ednh th\u1eddi gian \u0111\u1ecdc\" \/>\n\t<meta name=\"twitter:data1\" content=\"3 ph\u00fat\" \/>\n<script type=\"application\/ld+json\" class=\"yoast-schema-graph\">{\"@context\":\"https:\/\/schema.org\",\"@graph\":[{\"@type\":\"WebPage\",\"@id\":\"https:\/\/sgiholding.com.vn\/?page_id=1557\",\"url\":\"https:\/\/sgiholding.com.vn\/?page_id=1557\",\"name\":\"Gi\u1edbi thi\u1ec7u c\u00f4ng ty - C\u00f4ng ty SG INVESTMENT Global Startup\",\"isPartOf\":{\"@id\":\"https:\/\/sgiholding.com.vn\/#website\"},\"datePublished\":\"2025-09-16T07:18:02+00:00\",\"dateModified\":\"2025-09-16T07:48:07+00:00\",\"breadcrumb\":{\"@id\":\"https:\/\/sgiholding.com.vn\/?page_id=1557#breadcrumb\"},\"inLanguage\":\"vi\",\"potentialAction\":[{\"@type\":\"ReadAction\",\"target\":[\"https:\/\/sgiholding.com.vn\/?page_id=1557\"]}]},{\"@type\":\"BreadcrumbList\",\"@id\":\"https:\/\/sgiholding.com.vn\/?page_id=1557#breadcrumb\",\"itemListElement\":[{\"@type\":\"ListItem\",\"position\":1,\"name\":\"Trang ch\u1ee7\",\"item\":\"https:\/\/sgiholding.com.vn\/\"},{\"@type\":\"ListItem\",\"position\":2,\"name\":\"V\u1ec1 ch\u00fang t\u00f4i\",\"item\":\"https:\/\/sgiholding.com.vn\/?page_id=1542\"},{\"@type\":\"ListItem\",\"position\":3,\"name\":\"Gi\u1edbi thi\u1ec7u c\u00f4ng ty\"}]},{\"@type\":\"WebSite\",\"@id\":\"https:\/\/sgiholding.com.vn\/#website\",\"url\":\"https:\/\/sgiholding.com.vn\/\",\"name\":\"C\u00f4ng ty SG INVESTMENT Global Startup\",\"description\":\"\",\"potentialAction\":[{\"@type\":\"SearchAction\",\"target\":{\"@type\":\"EntryPoint\",\"urlTemplate\":\"https:\/\/sgiholding.com.vn\/?s={search_term_string}\"},\"query-input\":{\"@type\":\"PropertyValueSpecification\",\"valueRequired\":true,\"valueName\":\"search_term_string\"}}],\"inLanguage\":\"vi\"}]}<\/script>\n<!-- \/ Yoast SEO plugin. -->","yoast_head_json":{"title":"Gi\u1edbi thi\u1ec7u c\u00f4ng ty - C\u00f4ng ty SG INVESTMENT Global Startup","robots":{"index":"index","follow":"follow","max-snippet":"max-snippet:-1","max-image-preview":"max-image-preview:large","max-video-preview":"max-video-preview:-1"},"canonical":"https:\/\/sgiholding.com.vn\/?page_id=1557","og_locale":"vi_VN","og_type":"article","og_title":"Gi\u1edbi thi\u1ec7u c\u00f4ng ty - C\u00f4ng ty SG INVESTMENT Global Startup","og_description":"SG Investment Holding l\u00e0 doanh nghi\u1ec7p th\u01b0\u01a1ng m\u1ea1i \u0111i\u1ec7n t\u1eed c\u00f3 t\u1ed1c \u0111\u1ed9 ph\u00e1t tri\u1ec3n nhanh, h\u01b0\u1edbng t\u1edbi x\u00e2y d\u1ef1ng m\u1ed9t h\u1ec7 sinh th\u00e1i s\u1ea3n ph\u1ea9m ch\u1ea5t l\u01b0\u1ee3ng cao \u2013 v\u1eadn h\u00e0nh hi\u1ec7u qu\u1ea3 \u2013 ph\u00e1t tri\u1ec3n b\u1ec1n v\u1eefng t\u1ea1i \u0110\u00f4ng Nam \u00c1. \ud83c\udfaf T\u1eeb n\u1ec1n t\u1ea3ng v\u1eadn h\u00e0nh \u0111\u1ebfn m\u1ed9t t\u1ed5 ch\u1ee9c \u0111\u1ed9c l\u1eadp...","og_url":"https:\/\/sgiholding.com.vn\/?page_id=1557","og_site_name":"C\u00f4ng ty SG INVESTMENT Global Startup","article_modified_time":"2025-09-16T07:48:07+00:00","twitter_card":"summary_large_image","twitter_misc":{"\u01af\u1edbc t\u00ednh th\u1eddi gian \u0111\u1ecdc":"3 ph\u00fat"},"schema":{"@context":"https:\/\/schema.org","@graph":[{"@type":"WebPage","@id":"https:\/\/sgiholding.com.vn\/?page_id=1557","url":"https:\/\/sgiholding.com.vn\/?page_id=1557","name":"Gi\u1edbi thi\u1ec7u c\u00f4ng ty - C\u00f4ng ty SG INVESTMENT Global Startup","isPartOf":{"@id":"https:\/\/sgiholding.com.vn\/#website"},"datePublished":"2025-09-16T07:18:02+00:00","dateModified":"2025-09-16T07:48:07+00:00","breadcrumb":{"@id":"https:\/\/sgiholding.com.vn\/?page_id=1557#breadcrumb"},"inLanguage":"vi","potentialAction":[{"@type":"ReadAction","target":["https:\/\/sgiholding.com.vn\/?page_id=1557"]}]},{"@type":"BreadcrumbList","@id":"https:\/\/sgiholding.com.vn\/?page_id=1557#breadcrumb","itemListElement":[{"@type":"ListItem","position":1,"name":"Trang ch\u1ee7","item":"https:\/\/sgiholding.com.vn\/"},{"@type":"ListItem","position":2,"name":"V\u1ec1 ch\u00fang t\u00f4i","item":"https:\/\/sgiholding.com.vn\/?page_id=1542"},{"@type":"ListItem","position":3,"name":"Gi\u1edbi thi\u1ec7u c\u00f4ng ty"}]},{"@type":"WebSite","@id":"https:\/\/sgiholding.com.vn\/#website","url":"https:\/\/sgiholding.com.vn\/","name":"C\u00f4ng ty SG INVESTMENT Global Startup","description":"","potentialAction":[{"@type":"SearchAction","target":{"@type":"EntryPoint","urlTemplate":"https:\/\/sgiholding.com.vn\/?s={search_term_string}"},"query-input":{"@type":"PropertyValueSpecification","valueRequired":true,"valueName":"search_term_string"}}],"inLanguage":"vi"}]}},"_links":{"self":[{"href":"https:\/\/sgiholding.com.vn\/index.php?rest_route=\/wp\/v2\/pages\/1557","targetHints":{"allow":["GET"]}}],"collection":[{"href":"https:\/\/sgiholding.com.vn\/index.php?rest_route=\/wp\/v2\/pages"}],"about":[{"href":"https:\/\/sgiholding.com.vn\/index.php?rest_route=\/wp\/v2\/types\/page"}],"author":[{"embeddable":true,"href":"https:\/\/sgiholding.com.vn\/index.php?rest_route=\/wp\/v2\/users\/1"}],"replies":[{"embeddable":true,"href":"https:\/\/sgiholding.com.vn\/index.php?rest_route=%2Fwp%2Fv2%2Fcomments&post=1557"}],"version-history":[{"count":3,"href":"https:\/\/sgiholding.com.vn\/index.php?rest_route=\/wp\/v2\/pages\/1557\/revisions"}],"predecessor-version":[{"id":1562,"href":"https:\/\/sgiholding.com.vn\/index.php?rest_route=\/wp\/v2\/pages\/1557\/revisions\/1562"}],"up":[{"embeddable":true,"href":"https:\/\/sgiholding.com.vn\/index.php?rest_route=\/wp\/v2\/pages\/1542"}],"wp:attachment":[{"href":"https:\/\/sgiholding.com.vn\/index.php?rest_route=%2Fwp%2Fv2%2Fmedia&parent=1557"}],"curies":[{"name":"wp","href":"https:\/\/api.w.org\/{rel}","templated":true}]}}